{"id":19478,"date":"2023-03-31T15:16:30","date_gmt":"2023-03-31T13:16:30","guid":{"rendered":"https:\/\/angsaveneto.it\/?page_id=19478"},"modified":"2023-03-31T15:25:59","modified_gmt":"2023-03-31T13:25:59","slug":"concorso-insieme-per-lautismo","status":"publish","type":"page","link":"https:\/\/angsaveneto.it\/?page_id=19478","title":{"rendered":"Concorso Insieme per l&#8217;Autismo"},"content":{"rendered":"\t\t<div data-elementor-type=\"wp-page\" data-elementor-id=\"19478\" class=\"elementor elementor-19478\">\n\t\t\t\t\t\t<section class=\"elementor-section elementor-top-section elementor-element elementor-element-5210f3e elementor-section-content-middle elementor-section-boxed elementor-section-height-default elementor-section-height-default\" data-id=\"5210f3e\" data-element_type=\"section\" data-e-type=\"section\">\n\t\t\t\t\t\t<div class=\"elementor-container elementor-column-gap-no\">\n\t\t\t\t\t<div class=\"elementor-column elementor-col-50 elementor-top-column elementor-element elementor-element-2504374\" data-id=\"2504374\" data-element_type=\"column\" data-e-type=\"column\">\n\t\t\t<div class=\"elementor-widget-wrap elementor-element-populated\">\n\t\t\t\t\t\t<div class=\"elementor-element elementor-element-cf21eea elementor-widget elementor-widget-heading\" data-id=\"cf21eea\" data-element_type=\"widget\" data-e-type=\"widget\" data-widget_type=\"heading.default\">\n\t\t\t\t<div class=\"elementor-widget-container\">\n\t\t\t\t\t<h2 class=\"elementor-heading-title elementor-size-default\">CONCORSO \u201cINSIEME PER L'AUTISMO \u2013 ENJOY TOGHER\u201d<\/h2>\t\t\t\t<\/div>\n\t\t\t\t<\/div>\n\t\t\t\t<div class=\"elementor-element elementor-element-35e31d6 elementor-widget-divider--view-line elementor-widget elementor-widget-divider\" data-id=\"35e31d6\" data-element_type=\"widget\" data-e-type=\"widget\" data-widget_type=\"divider.default\">\n\t\t\t\t<div class=\"elementor-widget-container\">\n\t\t\t\t\t\t\t<div class=\"elementor-divider\">\n\t\t\t<span class=\"elementor-divider-separator\">\n\t\t\t\t\t\t<\/span>\n\t\t<\/div>\n\t\t\t\t\t\t<\/div>\n\t\t\t\t<\/div>\n\t\t\t\t<div class=\"elementor-element elementor-element-49680f6 elementor-widget elementor-widget-text-editor\" data-id=\"49680f6\" data-element_type=\"widget\" data-e-type=\"widget\" data-widget_type=\"text-editor.default\">\n\t\t\t\t<div class=\"elementor-widget-container\">\n\t\t\t\t\t\t\t\t\t<p class=\"p1\"><span class=\"s1\">Il Concorso \u00e8 rivolto alle Scuole statali, paritarie e comunali della citt\u00e0 e della provincia di Vicenza di ogni ordine e grado. \u00c8 realizzato grazie alla collaborazione della <\/span><\/p><p class=\"p1\"><span class=\"s1\">Scuola Polo Inclusione Provinciale &#8211; Istituto Comprensivo \u201cC. Ridolfi\u201d di Lonigo, dei CTI (Centri Territoriali per l\u2019Inclusione), del CTS (Centro Territoriale di Supporto),<span class=\"Apple-converted-space\">\u00a0 <\/span>della Fondazione Brunello e delle associazioni di genitori del gruppo di Autismi Vicenza, di cui fanno parte Autismo Triveneto ODV, ANGSA Veneto ODV, ABAut APS e Gruppo Asperger Veneto ODV <\/span><\/p><p class=\"p1\"><span class=\"s1\">l\u00a0<b>28\u00a0marzo 2023<\/b>\u00a0alle ore\u00a0<b>9.30<\/b>\u00a0si \u00e8 tenuta\u00a0<b>la premiazione della Terza Edizione del\u00a0Concorso &#8220;Insieme per l&#8217;Autismo\u201d \u00a0&#8211; <\/b>Enjoy together\u201d<span class=\"Apple-converted-space\">\u00a0 <\/span>presso l\u2019I.I.S \u201cAlmerico Da Schio\u201d di Vicenza. L\u2019evento \u00e8 stato promosso in occasione del\u00a0<b>2 aprile, Giornata Mondiale per la consapevolezza dell\u2019Autismo<\/b>, sancita dalle Nazioni Unite con la Risoluzione ONU 62\/139 del 18 dicembre 2007.<\/span><\/p><p class=\"p3\"><span class=\"s1\">Gli alunni e le alunne, con i loro testi, immagini<span class=\"Apple-converted-space\">\u00a0 <\/span>e video carichi di creativit\u00e0, hanno condiviso esperienze, riflessioni ed emozioni.<\/span><\/p><p class=\"p3\"><span class=\"s1\">Ad affiancarli e sostenerli nella presentazione degli elaborati c\u2019erano gli insegnanti e i Dirigenti Scolastici orgogliosi di rappresentare con loro l\u2019Istituto di appartenenza.<\/span><\/p><p class=\"p3\">\u00a0<\/p>\t\t\t\t\t\t\t\t<\/div>\n\t\t\t\t<\/div>\n\t\t\t\t\t<\/div>\n\t\t<\/div>\n\t\t\t\t<div class=\"elementor-column elementor-col-50 elementor-top-column elementor-element elementor-element-4c72f17\" data-id=\"4c72f17\" data-element_type=\"column\" data-e-type=\"column\">\n\t\t\t<div class=\"elementor-widget-wrap elementor-element-populated\">\n\t\t\t\t\t\t<div class=\"elementor-element elementor-element-701eeec elementor-widget elementor-widget-text-editor\" data-id=\"701eeec\" data-element_type=\"widget\" data-e-type=\"widget\" data-widget_type=\"text-editor.default\">\n\t\t\t\t<div class=\"elementor-widget-container\">\n\t\t\t\t\t\t\t\t\t<p class=\"p3\"><span class=\"s1\">I vincitori del Concorso &#8220;Insieme per l&#8217;Autismo&#8221; anno scolastico 2022\/2023 sono stati:<\/span><\/p><p class=\"p4\"><span class=\"s1\">1\u00b0\u00a0<\/span><span class=\"s2\">Classificato Scuola dell\u2019Infanzia:\u00a0<\/span><span class=\"s1\"><b>Istituto Comprensivo di Ros\u00e0<\/b>\u00a0Plesso\u00a0<b>Gli Aquiloni<\/b><\/span><\/p><p class=\"p4\"><span class=\"s1\">1\u00b0\u00a0<\/span><span class=\"s2\">Classificato Scuola Primaria:<\/span><span class=\"s1\">\u00a0<b>Istituto Comprensivo\u00a0&#8220;Galileo Galilei&#8221; Isola Vicentina\u00a0<\/b>Plesso\u00a0<b>&#8220;Rosa Agazzi&#8221;\u00a0<\/b>Classe\u00a0<b>2A\u00a0<\/b><\/span><\/p><p class=\"p4\"><span class=\"s1\">1\u00b0\u00a0<\/span><span class=\"s2\">Classificato Scuola Secondaria di Primo Grado<\/span><span class=\"s1\">:\u00a0I<b>stituto Comprensivo &#8220;Carlo Ridolfi&#8221; Lonigo\u00a0<\/b>Classe\u00a0<b>2G<\/b><\/span><\/p><p class=\"p4\"><span class=\"s1\">1\u00b0\u00a0<\/span><span class=\"s2\">Classificato Scuola Secondaria di Secondo Grado<\/span><span class=\"s1\">:\u00a0\u00a0<b>I.T.T. &#8220;G. Chilesotti&#8221; Thiene\u00a0<\/b>Classe\u00a0<b>2C<\/b><\/span><\/p><p class=\"p3\"><span class=\"s1\">Grazie al generoso contributo del Gruppo Unicomm SpA, gli Istituti vincitori sono stati gratificati con ottimi strumenti facilitatori per la comunicazione e l&#8217;inclusione, e con targhe personalizzate che ricordano l\u2019evento.<\/span><\/p><p class=\"p3\">\u00a0<\/p><p class=\"p3\"><span class=\"s1\">Gli innumerevoli eleaborarti<span class=\"Apple-converted-space\">\u00a0 <\/span>inviati al concorso<span class=\"Apple-converted-space\">\u00a0 <\/span>sono stati valutati e premiati dalla giuria, composta da membri delle associazioni dei genitori e delle istituzioni. \u00c8 stato rilevato un grande impegno da parte di tutti i partecipanti sia nella progettazione che nella realizzazione del materiale pervenuto.<\/span><\/p><p class=\"p3\"><span class=\"s1\">Il Concorso crea ogni anno un&#8217;occasione per diffondere la cultura dell\u2019inclusione e, attraverso l\u2019arte, aiuta la riflessione e l&#8217;approfondimento rispetto alla tematica dei disturbi dello spettro autistico, contribuendo, a partire dalla giovane et\u00e0, allo sviluppo di una comunit\u00e0 sempre pi\u00f9 cosciente e disponibile ad accogliere e valorizzare le unicit\u00e0 di ciascuno.<\/span><\/p>\t\t\t\t\t\t\t\t<\/div>\n\t\t\t\t<\/div>\n\t\t\t\t\t<\/div>\n\t\t<\/div>\n\t\t\t\t\t<\/div>\n\t\t<\/section>\n\t\t\t\t<section class=\"elementor-section elementor-top-section elementor-element elementor-element-ebb48cc elementor-section-boxed elementor-section-height-default elementor-section-height-default\" data-id=\"ebb48cc\" data-element_type=\"section\" data-e-type=\"section\">\n\t\t\t\t\t\t<div class=\"elementor-container elementor-column-gap-default\">\n\t\t\t\t\t<div class=\"elementor-column elementor-col-100 elementor-top-column elementor-element elementor-element-bf25c5b\" data-id=\"bf25c5b\" data-element_type=\"column\" data-e-type=\"column\">\n\t\t\t<div class=\"elementor-widget-wrap elementor-element-populated\">\n\t\t\t\t\t\t<div class=\"elementor-element elementor-element-533909b elementor-arrows-position-inside elementor-pagination-position-outside elementor-widget elementor-widget-image-carousel\" data-id=\"533909b\" data-element_type=\"widget\" data-e-type=\"widget\" data-settings=\"{&quot;slides_to_show&quot;:&quot;3&quot;,&quot;navigation&quot;:&quot;both&quot;,&quot;autoplay&quot;:&quot;yes&quot;,&quot;pause_on_hover&quot;:&quot;yes&quot;,&quot;pause_on_interaction&quot;:&quot;yes&quot;,&quot;autoplay_speed&quot;:5000,&quot;infinite&quot;:&quot;yes&quot;,&quot;speed&quot;:500}\" data-widget_type=\"image-carousel.default\">\n\t\t\t\t<div class=\"elementor-widget-container\">\n\t\t\t\t\t\t\t<div class=\"elementor-image-carousel-wrapper swiper\" role=\"region\" aria-roledescription=\"carousel\" aria-label=\"Carosello d&#039;immagini\" dir=\"ltr\">\n\t\t\t<div class=\"elementor-image-carousel swiper-wrapper\" aria-live=\"off\">\n\t\t\t\t\t\t\t\t<div class=\"swiper-slide\" role=\"group\" aria-roledescription=\"slide\" aria-label=\"1 di 3\"><a data-elementor-open-lightbox=\"yes\" data-elementor-lightbox-slideshow=\"533909b\" data-e-action-hash=\"#elementor-action%3Aaction%3Dlightbox%26settings%3DeyJpZCI6MTk0ODAsInVybCI6Imh0dHBzOlwvXC9hbmdzYXZlbmV0by5pdFwvd3AtY29udGVudFwvdXBsb2Fkc1wvMjAyM1wvMDNcL0lNRy0yMDIzMDMyOC1XQTAwMDQuanBnIiwic2xpZGVzaG93IjoiNTMzOTA5YiJ9\" href=\"https:\/\/angsaveneto.it\/wp-content\/uploads\/2023\/03\/IMG-20230328-WA0004.jpg\"><figure class=\"swiper-slide-inner\"><img decoding=\"async\" class=\"swiper-slide-image\" src=\"https:\/\/angsaveneto.it\/wp-content\/uploads\/2023\/03\/IMG-20230328-WA0004-225x300.jpg\" alt=\"IMG-20230328-WA0004\" \/><\/figure><\/a><\/div><div class=\"swiper-slide\" role=\"group\" aria-roledescription=\"slide\" aria-label=\"2 di 3\"><a data-elementor-open-lightbox=\"yes\" data-elementor-lightbox-slideshow=\"533909b\" data-e-action-hash=\"#elementor-action%3Aaction%3Dlightbox%26settings%3DeyJpZCI6MTk0ODEsInVybCI6Imh0dHBzOlwvXC9hbmdzYXZlbmV0by5pdFwvd3AtY29udGVudFwvdXBsb2Fkc1wvMjAyM1wvMDNcL0lNRy0yMDIzMDMyOC1XQTAwMDYuanBnIiwic2xpZGVzaG93IjoiNTMzOTA5YiJ9\" href=\"https:\/\/angsaveneto.it\/wp-content\/uploads\/2023\/03\/IMG-20230328-WA0006.jpg\"><figure class=\"swiper-slide-inner\"><img decoding=\"async\" class=\"swiper-slide-image\" src=\"https:\/\/angsaveneto.it\/wp-content\/uploads\/2023\/03\/IMG-20230328-WA0006-225x300.jpg\" alt=\"IMG-20230328-WA0006\" \/><\/figure><\/a><\/div><div class=\"swiper-slide\" role=\"group\" aria-roledescription=\"slide\" aria-label=\"3 di 3\"><a data-elementor-open-lightbox=\"yes\" data-elementor-lightbox-slideshow=\"533909b\" data-e-action-hash=\"#elementor-action%3Aaction%3Dlightbox%26settings%3DeyJpZCI6MTk0ODIsInVybCI6Imh0dHBzOlwvXC9hbmdzYXZlbmV0by5pdFwvd3AtY29udGVudFwvdXBsb2Fkc1wvMjAyM1wvMDNcL2NvbmNvcnNvLmpwZyIsInNsaWRlc2hvdyI6IjUzMzkwOWIifQ%3D%3D\" href=\"https:\/\/angsaveneto.it\/wp-content\/uploads\/2023\/03\/concorso.jpg\"><figure class=\"swiper-slide-inner\"><img decoding=\"async\" class=\"swiper-slide-image\" src=\"https:\/\/angsaveneto.it\/wp-content\/uploads\/2023\/03\/concorso-283x300.jpg\" alt=\"concorso\" \/><\/figure><\/a><\/div>\t\t\t<\/div>\n\t\t\t\t\t\t\t\t\t\t\t\t<div class=\"elementor-swiper-button elementor-swiper-button-prev\" role=\"button\" tabindex=\"0\">\n\t\t\t\t\t\t<i aria-hidden=\"true\" class=\"eicon-chevron-left\"><\/i>\t\t\t\t\t<\/div>\n\t\t\t\t\t<div class=\"elementor-swiper-button elementor-swiper-button-next\" role=\"button\" tabindex=\"0\">\n\t\t\t\t\t\t<i aria-hidden=\"true\" class=\"eicon-chevron-right\"><\/i>\t\t\t\t\t<\/div>\n\t\t\t\t\n\t\t\t\t\t\t\t\t\t<div class=\"swiper-pagination\"><\/div>\n\t\t\t\t\t\t\t\t\t<\/div>\n\t\t\t\t\t\t<\/div>\n\t\t\t\t<\/div>\n\t\t\t\t\t<\/div>\n\t\t<\/div>\n\t\t\t\t\t<\/div>\n\t\t<\/section>\n\t\t\t\t<\/div>\n\t\t","protected":false},"excerpt":{"rendered":"<p>CONCORSO \u201cINSIEME PER L&#8217;AUTISMO \u2013 ENJOY TOGHER\u201d Il Concorso \u00e8 rivolto alle Scuole statali, paritarie e comunali della citt\u00e0 e della provincia di Vicenza di ogni ordine e grado. \u00c8 realizzato grazie alla collaborazione della Scuola Polo Inclusione Provinciale &#8211; Istituto Comprensivo \u201cC. Ridolfi\u201d di Lonigo, dei CTI (Centri Territoriali per l\u2019Inclusione), del CTS (Centro [&hellip;]<\/p>\n","protected":false},"author":6,"featured_media":0,"parent":0,"menu_order":0,"comment_status":"closed","ping_status":"closed","template":"","meta":{"site-sidebar-layout":"no-sidebar","site-content-layout":"page-builder","ast-site-content-layout":"default","site-content-style":"default","site-sidebar-style":"default","ast-global-header-display":"","ast-banner-title-visibility":"","ast-main-header-display":"","ast-hfb-above-header-display":"","ast-hfb-below-header-display":"","ast-hfb-mobile-header-display":"","site-post-title":"disabled","ast-breadcrumbs-content":"","ast-featured-img":"disabled","footer-sml-layout":"","ast-disable-related-posts":"","theme-transparent-header-meta":"","adv-header-id-meta":"","stick-header-meta":"","header-above-stick-meta":"","header-main-stick-meta":"","header-below-stick-meta":"","astra-migrate-meta-layouts":"default","ast-page-background-enabled":"default","ast-page-background-meta":{"desktop":{"background-color":"","background-image":"","background-repeat":"repeat","background-position":"center center","background-size":"auto","background-attachment":"scroll","background-type":"","background-media":"","overlay-type":"","overlay-color":"","overlay-opacity":"","overlay-gradient":""},"tablet":{"background-color":"","background-image":"","background-repeat":"repeat","background-position":"center center","background-size":"auto","background-attachment":"scroll","background-type":"","background-media":"","overlay-type":"","overlay-color":"","overlay-opacity":"","overlay-gradient":""},"mobile":{"background-color":"","background-image":"","background-repeat":"repeat","background-position":"center center","background-size":"auto","background-attachment":"scroll","background-type":"","background-media":"","overlay-type":"","overlay-color":"","overlay-opacity":"","overlay-gradient":""}},"ast-content-background-meta":{"desktop":{"background-color":"var(--ast-global-color-5)","background-image":"","background-repeat":"repeat","background-position":"center center","background-size":"auto","background-attachment":"scroll","background-type":"","background-media":"","overlay-type":"","overlay-color":"","overlay-opacity":"","overlay-gradient":""},"tablet":{"background-color":"var(--ast-global-color-5)","background-image":"","background-repeat":"repeat","background-position":"center center","background-size":"auto","background-attachment":"scroll","background-type":"","background-media":"","overlay-type":"","overlay-color":"","overlay-opacity":"","overlay-gradient":""},"mobile":{"background-color":"var(--ast-global-color-5)","background-image":"","background-repeat":"repeat","background-position":"center center","background-size":"auto","background-attachment":"scroll","background-type":"","background-media":"","overlay-type":"","overlay-color":"","overlay-opacity":"","overlay-gradient":""}},"footnotes":""},"class_list":["post-19478","page","type-page","status-publish","hentry"],"_links":{"self":[{"href":"https:\/\/angsaveneto.it\/index.php?rest_route=\/wp\/v2\/pages\/19478","targetHints":{"allow":["GET"]}}],"collection":[{"href":"https:\/\/angsaveneto.it\/index.php?rest_route=\/wp\/v2\/pages"}],"about":[{"href":"https:\/\/angsaveneto.it\/index.php?rest_route=\/wp\/v2\/types\/page"}],"author":[{"embeddable":true,"href":"https:\/\/angsaveneto.it\/index.php?rest_route=\/wp\/v2\/users\/6"}],"replies":[{"embeddable":true,"href":"https:\/\/angsaveneto.it\/index.php?rest_route=%2Fwp%2Fv2%2Fcomments&post=19478"}],"version-history":[{"count":7,"href":"https:\/\/angsaveneto.it\/index.php?rest_route=\/wp\/v2\/pages\/19478\/revisions"}],"predecessor-version":[{"id":19494,"href":"https:\/\/angsaveneto.it\/index.php?rest_route=\/wp\/v2\/pages\/19478\/revisions\/19494"}],"wp:attachment":[{"href":"https:\/\/angsaveneto.it\/index.php?rest_route=%2Fwp%2Fv2%2Fmedia&parent=19478"}],"curies":[{"name":"wp","href":"https:\/\/api.w.org\/{rel}","templated":true}]}}