{"id":19428,"date":"2023-03-06T16:36:08","date_gmt":"2023-03-06T15:36:08","guid":{"rendered":"https:\/\/angsaveneto.it\/?page_id=19428"},"modified":"2023-03-31T15:24:16","modified_gmt":"2023-03-31T13:24:16","slug":"ora-blu","status":"publish","type":"page","link":"https:\/\/angsaveneto.it\/?page_id=19428","title":{"rendered":"ORA BLU"},"content":{"rendered":"\t\t<div data-elementor-type=\"wp-page\" data-elementor-id=\"19428\" class=\"elementor elementor-19428\">\n\t\t\t\t\t\t<section class=\"elementor-section elementor-top-section elementor-element elementor-element-21fb59d8 elementor-section-full_width elementor-section-content-middle elementor-section-height-default elementor-section-height-default\" data-id=\"21fb59d8\" data-element_type=\"section\" data-e-type=\"section\">\n\t\t\t\t\t\t<div class=\"elementor-container elementor-column-gap-no\">\n\t\t\t\t\t<div class=\"elementor-column elementor-col-33 elementor-top-column elementor-element elementor-element-1a3cc27\" data-id=\"1a3cc27\" data-element_type=\"column\" data-e-type=\"column\">\n\t\t\t<div class=\"elementor-widget-wrap\">\n\t\t\t\t\t\t\t<\/div>\n\t\t<\/div>\n\t\t\t\t<div class=\"elementor-column elementor-col-33 elementor-top-column elementor-element elementor-element-2f2775de\" data-id=\"2f2775de\" data-element_type=\"column\" data-e-type=\"column\" data-settings=\"{&quot;background_background&quot;:&quot;classic&quot;}\">\n\t\t\t<div class=\"elementor-widget-wrap elementor-element-populated\">\n\t\t\t\t\t<div class=\"elementor-background-overlay\"><\/div>\n\t\t\t\t\t\t<div class=\"elementor-element elementor-element-e8c9488 elementor-widget elementor-widget-image\" data-id=\"e8c9488\" data-element_type=\"widget\" data-e-type=\"widget\" data-widget_type=\"image.default\">\n\t\t\t\t<div class=\"elementor-widget-container\">\n\t\t\t\t\t\t\t\t\t\t\t\t\t\t\t<img fetchpriority=\"high\" decoding=\"async\" width=\"749\" height=\"1061\" src=\"https:\/\/angsaveneto.it\/wp-content\/uploads\/2023\/03\/IMG-3785.jpg\" class=\"attachment-medium_large size-medium_large wp-image-19441\" alt=\"\" srcset=\"https:\/\/angsaveneto.it\/wp-content\/uploads\/2023\/03\/IMG-3785.jpg 749w, https:\/\/angsaveneto.it\/wp-content\/uploads\/2023\/03\/IMG-3785-212x300.jpg 212w, https:\/\/angsaveneto.it\/wp-content\/uploads\/2023\/03\/IMG-3785-723x1024.jpg 723w\" sizes=\"(max-width: 749px) 100vw, 749px\" \/>\t\t\t\t\t\t\t\t\t\t\t\t\t\t\t<\/div>\n\t\t\t\t<\/div>\n\t\t\t\t\t<\/div>\n\t\t<\/div>\n\t\t\t\t<div class=\"elementor-column elementor-col-33 elementor-top-column elementor-element elementor-element-1e81e133\" data-id=\"1e81e133\" data-element_type=\"column\" data-e-type=\"column\">\n\t\t\t<div class=\"elementor-widget-wrap elementor-element-populated\">\n\t\t\t\t\t\t<div class=\"elementor-element elementor-element-3a9b72c elementor-widget elementor-widget-heading\" data-id=\"3a9b72c\" data-element_type=\"widget\" data-e-type=\"widget\" data-widget_type=\"heading.default\">\n\t\t\t\t<div class=\"elementor-widget-container\">\n\t\t\t\t\t<h2 class=\"elementor-heading-title elementor-size-default\">ORA BLU<\/h2>\t\t\t\t<\/div>\n\t\t\t\t<\/div>\n\t\t\t\t<div class=\"elementor-element elementor-element-4af62e0 elementor-widget-divider--view-line elementor-widget elementor-widget-divider\" data-id=\"4af62e0\" data-element_type=\"widget\" data-e-type=\"widget\" data-widget_type=\"divider.default\">\n\t\t\t\t<div class=\"elementor-widget-container\">\n\t\t\t\t\t\t\t<div class=\"elementor-divider\">\n\t\t\t<span class=\"elementor-divider-separator\">\n\t\t\t\t\t\t<\/span>\n\t\t<\/div>\n\t\t\t\t\t\t<\/div>\n\t\t\t\t<\/div>\n\t\t\t\t<div class=\"elementor-element elementor-element-2b3a3099 elementor-widget elementor-widget-text-editor\" data-id=\"2b3a3099\" data-element_type=\"widget\" data-e-type=\"widget\" data-widget_type=\"text-editor.default\">\n\t\t\t\t<div class=\"elementor-widget-container\">\n\t\t\t\t\t\t\t\t\t<p class=\"p1\"><span class=\"s1\"><strong>ORA BLU NEI SUPERMERCATI \u2013 Il progetto di UNICOMM \u2013 ANGSA \u2013 ASPERGER<\/strong> Nazionale \u2013 Sportelli Autismo<\/span><\/p><p class=\"p1\"><span class=\"s1\">L\u2019 <b>Ora Blu <\/b>\u00e8 un importante appuntamento per le persone nello spettro autistico e per i loro familiari. Si svolge <b>ogni<\/b> <b>ultimo marted\u00ec del mese<\/b> nei punti vendita a marchio Emisfero e Famila, <b>dalle ore 16.00 alle ore 18.00<\/b>. In queste due ore le luci, i suoni e la musica sono attenuati per diminuire gli stimoli sensoriali e migliorare l\u2019accoglienza e l\u2019inclusione delle persone con autismo.<\/span><\/p><p class=\"p1\"><span class=\"s1\">Con questa iniziativa <strong>UNICOMM<\/strong> dedica speciale attenzione alle persone nello spettro autistico per i quali alcuni suoni, brusii, rumori, anche se di sottofondo, possono essere percepiti come assordanti; alcuni stimoli visivi quali luci dirette o a intermittenza possono creare grande disagio e rendere un\u2019attivit\u00e0 apparentemente banale come \u201cfare la spesa\u201d un\u2019esperienza davvero difficile.<\/span><\/p><p class=\"p1\"><span class=\"s1\">Accorgimenti quali abbassare le luci e la musica, predisporre alcune casse dedicate, con personale adeguatamente formato, possono facilitare l\u2019ingresso delle persone con autismo, far vivere il momento della spesa in modo pi\u00f9 sereno, e sensibilizzare la comunit\u00e0 verso la riflessione empatica sulle diversit\u00e0.<\/span><\/p><p class=\"p1\"><span class=\"s1\">Assieme ad <strong>UNICOMM<\/strong> promuovono l\u2019iniziativa le associazioni dei genitori di persone con autismo <strong>ANGSA e Asperger Nazionale<\/strong>, e gli Sportelli Autismo dei vari territori.<\/span><\/p><p class=\"p1\">\u00a0<\/p>\t\t\t\t\t\t\t\t<\/div>\n\t\t\t\t<\/div>\n\t\t\t\t\t<\/div>\n\t\t<\/div>\n\t\t\t\t\t<\/div>\n\t\t<\/section>\n\t\t\t\t<section class=\"elementor-section elementor-top-section elementor-element elementor-element-4f9ce6d elementor-section-boxed elementor-section-height-default elementor-section-height-default\" data-id=\"4f9ce6d\" data-element_type=\"section\" data-e-type=\"section\">\n\t\t\t\t\t\t<div class=\"elementor-container elementor-column-gap-default\">\n\t\t\t\t\t<div class=\"elementor-column elementor-col-100 elementor-top-column elementor-element elementor-element-131bfbc\" data-id=\"131bfbc\" data-element_type=\"column\" data-e-type=\"column\">\n\t\t\t<div class=\"elementor-widget-wrap elementor-element-populated\">\n\t\t\t\t\t\t<div class=\"elementor-element elementor-element-31350c7 elementor-widget elementor-widget-heading\" data-id=\"31350c7\" data-element_type=\"widget\" data-e-type=\"widget\" data-widget_type=\"heading.default\">\n\t\t\t\t<div class=\"elementor-widget-container\">\n\t\t\t\t\t<h2 class=\"elementor-heading-title elementor-size-default\">Elenco dei punti vendita Emisfero e Famila<\/h2>\t\t\t\t<\/div>\n\t\t\t\t<\/div>\n\t\t\t\t\t<\/div>\n\t\t<\/div>\n\t\t\t\t\t<\/div>\n\t\t<\/section>\n\t\t\t\t<section class=\"elementor-section elementor-top-section elementor-element elementor-element-50ed8ba elementor-section-boxed elementor-section-height-default elementor-section-height-default\" data-id=\"50ed8ba\" data-element_type=\"section\" data-e-type=\"section\">\n\t\t\t\t\t\t<div class=\"elementor-container elementor-column-gap-default\">\n\t\t\t\t\t<div class=\"elementor-column elementor-col-50 elementor-top-column elementor-element elementor-element-44aa540\" data-id=\"44aa540\" data-element_type=\"column\" data-e-type=\"column\">\n\t\t\t<div class=\"elementor-widget-wrap elementor-element-populated\">\n\t\t\t\t\t\t<div class=\"elementor-element elementor-element-2f5626d elementor-widget elementor-widget-image\" data-id=\"2f5626d\" data-element_type=\"widget\" data-e-type=\"widget\" data-widget_type=\"image.default\">\n\t\t\t\t<div class=\"elementor-widget-container\">\n\t\t\t\t\t\t\t\t\t\t\t\t\t\t\t\t<a href=\"https:\/\/angsaveneto.it\/wp-content\/uploads\/2023\/03\/IMG_3742.jpg\" data-elementor-open-lightbox=\"yes\" data-e-action-hash=\"#elementor-action%3Aaction%3Dlightbox%26settings%3DeyJpZCI6MTk0MzEsInVybCI6Imh0dHBzOlwvXC9hbmdzYXZlbmV0by5pdFwvd3AtY29udGVudFwvdXBsb2Fkc1wvMjAyM1wvMDNcL0lNR18zNzQyLmpwZyJ9\">\n\t\t\t\t\t\t\t<img decoding=\"async\" width=\"1024\" height=\"666\" src=\"https:\/\/angsaveneto.it\/wp-content\/uploads\/2023\/03\/IMG_3742-1024x666.jpg\" class=\"attachment-large size-large wp-image-19431\" alt=\"\" srcset=\"https:\/\/angsaveneto.it\/wp-content\/uploads\/2023\/03\/IMG_3742-1024x666.jpg 1024w, https:\/\/angsaveneto.it\/wp-content\/uploads\/2023\/03\/IMG_3742-300x195.jpg 300w, https:\/\/angsaveneto.it\/wp-content\/uploads\/2023\/03\/IMG_3742-768x500.jpg 768w, https:\/\/angsaveneto.it\/wp-content\/uploads\/2023\/03\/IMG_3742.jpg 1394w\" sizes=\"(max-width: 1024px) 100vw, 1024px\" \/>\t\t\t\t\t\t\t\t<\/a>\n\t\t\t\t\t\t\t\t\t\t\t\t\t\t\t<\/div>\n\t\t\t\t<\/div>\n\t\t\t\t\t<\/div>\n\t\t<\/div>\n\t\t\t\t<div class=\"elementor-column elementor-col-50 elementor-top-column elementor-element elementor-element-98662ea\" data-id=\"98662ea\" data-element_type=\"column\" data-e-type=\"column\">\n\t\t\t<div class=\"elementor-widget-wrap elementor-element-populated\">\n\t\t\t\t\t\t<div class=\"elementor-element elementor-element-a2eb133 elementor-widget elementor-widget-image\" data-id=\"a2eb133\" data-element_type=\"widget\" data-e-type=\"widget\" data-widget_type=\"image.default\">\n\t\t\t\t<div class=\"elementor-widget-container\">\n\t\t\t\t\t\t\t\t\t\t\t\t\t\t\t\t<a href=\"https:\/\/angsaveneto.it\/wp-content\/uploads\/2023\/03\/IMG_3743.jpg\" data-elementor-open-lightbox=\"yes\" data-e-action-hash=\"#elementor-action%3Aaction%3Dlightbox%26settings%3DeyJpZCI6MTk0MzIsInVybCI6Imh0dHBzOlwvXC9hbmdzYXZlbmV0by5pdFwvd3AtY29udGVudFwvdXBsb2Fkc1wvMjAyM1wvMDNcL0lNR18zNzQzLmpwZyJ9\">\n\t\t\t\t\t\t\t<img decoding=\"async\" width=\"1024\" height=\"578\" src=\"https:\/\/angsaveneto.it\/wp-content\/uploads\/2023\/03\/IMG_3743-1024x578.jpg\" class=\"attachment-large size-large wp-image-19432\" alt=\"\" srcset=\"https:\/\/angsaveneto.it\/wp-content\/uploads\/2023\/03\/IMG_3743-1024x578.jpg 1024w, https:\/\/angsaveneto.it\/wp-content\/uploads\/2023\/03\/IMG_3743-300x169.jpg 300w, https:\/\/angsaveneto.it\/wp-content\/uploads\/2023\/03\/IMG_3743-768x433.jpg 768w, https:\/\/angsaveneto.it\/wp-content\/uploads\/2023\/03\/IMG_3743.jpg 1391w\" sizes=\"(max-width: 1024px) 100vw, 1024px\" \/>\t\t\t\t\t\t\t\t<\/a>\n\t\t\t\t\t\t\t\t\t\t\t\t\t\t\t<\/div>\n\t\t\t\t<\/div>\n\t\t\t\t\t<\/div>\n\t\t<\/div>\n\t\t\t\t\t<\/div>\n\t\t<\/section>\n\t\t\t\t<section class=\"elementor-section elementor-top-section elementor-element elementor-element-cf617ef elementor-section-boxed elementor-section-height-default elementor-section-height-default\" data-id=\"cf617ef\" data-element_type=\"section\" data-e-type=\"section\">\n\t\t\t\t\t\t<div class=\"elementor-container elementor-column-gap-default\">\n\t\t\t\t\t<div class=\"elementor-column elementor-col-100 elementor-top-column elementor-element elementor-element-db8becc\" data-id=\"db8becc\" data-element_type=\"column\" data-e-type=\"column\">\n\t\t\t<div class=\"elementor-widget-wrap elementor-element-populated\">\n\t\t\t\t\t\t<div class=\"elementor-element elementor-element-9f6818c elementor-widget elementor-widget-spacer\" data-id=\"9f6818c\" data-element_type=\"widget\" data-e-type=\"widget\" data-widget_type=\"spacer.default\">\n\t\t\t\t<div class=\"elementor-widget-container\">\n\t\t\t\t\t\t\t<div class=\"elementor-spacer\">\n\t\t\t<div class=\"elementor-spacer-inner\"><\/div>\n\t\t<\/div>\n\t\t\t\t\t\t<\/div>\n\t\t\t\t<\/div>\n\t\t\t\t\t<\/div>\n\t\t<\/div>\n\t\t\t\t\t<\/div>\n\t\t<\/section>\n\t\t\t\t<\/div>\n\t\t","protected":false},"excerpt":{"rendered":"<p>ORA BLU ORA BLU NEI SUPERMERCATI \u2013 Il progetto di UNICOMM \u2013 ANGSA \u2013 ASPERGER Nazionale \u2013 Sportelli Autismo L\u2019 Ora Blu \u00e8 un importante appuntamento per le persone nello spettro autistico e per i loro familiari. Si svolge ogni ultimo marted\u00ec del mese nei punti vendita a marchio Emisfero e Famila, dalle ore 16.00 [&hellip;]<\/p>\n","protected":false},"author":6,"featured_media":0,"parent":0,"menu_order":0,"comment_status":"closed","ping_status":"closed","template":"","meta":{"site-sidebar-layout":"no-sidebar","site-content-layout":"page-builder","ast-site-content-layout":"default","site-content-style":"default","site-sidebar-style":"default","ast-global-header-display":"","ast-banner-title-visibility":"","ast-main-header-display":"","ast-hfb-above-header-display":"","ast-hfb-below-header-display":"","ast-hfb-mobile-header-display":"","site-post-title":"disabled","ast-breadcrumbs-content":"","ast-featured-img":"disabled","footer-sml-layout":"","ast-disable-related-posts":"","theme-transparent-header-meta":"","adv-header-id-meta":"","stick-header-meta":"","header-above-stick-meta":"","header-main-stick-meta":"","header-below-stick-meta":"","astra-migrate-meta-layouts":"default","ast-page-background-enabled":"default","ast-page-background-meta":{"desktop":{"background-color":"","background-image":"","background-repeat":"repeat","background-position":"center center","background-size":"auto","background-attachment":"scroll","background-type":"","background-media":"","overlay-type":"","overlay-color":"","overlay-opacity":"","overlay-gradient":""},"tablet":{"background-color":"","background-image":"","background-repeat":"repeat","background-position":"center center","background-size":"auto","background-attachment":"scroll","background-type":"","background-media":"","overlay-type":"","overlay-color":"","overlay-opacity":"","overlay-gradient":""},"mobile":{"background-color":"","background-image":"","background-repeat":"repeat","background-position":"center center","background-size":"auto","background-attachment":"scroll","background-type":"","background-media":"","overlay-type":"","overlay-color":"","overlay-opacity":"","overlay-gradient":""}},"ast-content-background-meta":{"desktop":{"background-color":"var(--ast-global-color-5)","background-image":"","background-repeat":"repeat","background-position":"center center","background-size":"auto","background-attachment":"scroll","background-type":"","background-media":"","overlay-type":"","overlay-color":"","overlay-opacity":"","overlay-gradient":""},"tablet":{"background-color":"var(--ast-global-color-5)","background-image":"","background-repeat":"repeat","background-position":"center center","background-size":"auto","background-attachment":"scroll","background-type":"","background-media":"","overlay-type":"","overlay-color":"","overlay-opacity":"","overlay-gradient":""},"mobile":{"background-color":"var(--ast-global-color-5)","background-image":"","background-repeat":"repeat","background-position":"center center","background-size":"auto","background-attachment":"scroll","background-type":"","background-media":"","overlay-type":"","overlay-color":"","overlay-opacity":"","overlay-gradient":""}},"footnotes":""},"class_list":["post-19428","page","type-page","status-publish","hentry"],"_links":{"self":[{"href":"https:\/\/angsaveneto.it\/index.php?rest_route=\/wp\/v2\/pages\/19428","targetHints":{"allow":["GET"]}}],"collection":[{"href":"https:\/\/angsaveneto.it\/index.php?rest_route=\/wp\/v2\/pages"}],"about":[{"href":"https:\/\/angsaveneto.it\/index.php?rest_route=\/wp\/v2\/types\/page"}],"author":[{"embeddable":true,"href":"https:\/\/angsaveneto.it\/index.php?rest_route=\/wp\/v2\/users\/6"}],"replies":[{"embeddable":true,"href":"https:\/\/angsaveneto.it\/index.php?rest_route=%2Fwp%2Fv2%2Fcomments&post=19428"}],"version-history":[{"count":9,"href":"https:\/\/angsaveneto.it\/index.php?rest_route=\/wp\/v2\/pages\/19428\/revisions"}],"predecessor-version":[{"id":19488,"href":"https:\/\/angsaveneto.it\/index.php?rest_route=\/wp\/v2\/pages\/19428\/revisions\/19488"}],"wp:attachment":[{"href":"https:\/\/angsaveneto.it\/index.php?rest_route=%2Fwp%2Fv2%2Fmedia&parent=19428"}],"curies":[{"name":"wp","href":"https:\/\/api.w.org\/{rel}","templated":true}]}}