{"id":19419,"date":"2023-03-06T16:13:40","date_gmt":"2023-03-06T15:13:40","guid":{"rendered":"https:\/\/angsaveneto.it\/?page_id=19419"},"modified":"2024-04-30T19:17:34","modified_gmt":"2024-04-30T17:17:34","slug":"parliamo-dautismo","status":"publish","type":"page","link":"https:\/\/angsaveneto.it\/?page_id=19419","title":{"rendered":"Parliamo di autismo 2023"},"content":{"rendered":"\t\t<div data-elementor-type=\"wp-page\" data-elementor-id=\"19419\" class=\"elementor elementor-19419\">\n\t\t\t\t\t\t<section class=\"elementor-section elementor-top-section elementor-element elementor-element-21fb59d8 elementor-section-full_width elementor-section-content-middle elementor-section-height-default elementor-section-height-default\" data-id=\"21fb59d8\" data-element_type=\"section\" data-e-type=\"section\">\n\t\t\t\t\t\t<div class=\"elementor-container elementor-column-gap-no\">\n\t\t\t\t\t<div class=\"elementor-column elementor-col-50 elementor-top-column elementor-element elementor-element-2f2775de\" data-id=\"2f2775de\" data-element_type=\"column\" data-e-type=\"column\" data-settings=\"{&quot;background_background&quot;:&quot;classic&quot;}\">\n\t\t\t<div class=\"elementor-widget-wrap elementor-element-populated\">\n\t\t\t\t\t<div class=\"elementor-background-overlay\"><\/div>\n\t\t\t\t\t\t<div class=\"elementor-element elementor-element-e87cc42 elementor-widget elementor-widget-image\" data-id=\"e87cc42\" data-element_type=\"widget\" data-e-type=\"widget\" data-widget_type=\"image.default\">\n\t\t\t\t<div class=\"elementor-widget-container\">\n\t\t\t\t\t\t\t\t\t\t\t\t\t\t\t<img fetchpriority=\"high\" decoding=\"async\" width=\"967\" height=\"429\" src=\"https:\/\/angsaveneto.it\/wp-content\/uploads\/2023\/04\/IMG_20230205_092812.jpg\" class=\"attachment-large size-large wp-image-19643\" alt=\"\" srcset=\"https:\/\/angsaveneto.it\/wp-content\/uploads\/2023\/04\/IMG_20230205_092812.jpg 967w, https:\/\/angsaveneto.it\/wp-content\/uploads\/2023\/04\/IMG_20230205_092812-300x133.jpg 300w, https:\/\/angsaveneto.it\/wp-content\/uploads\/2023\/04\/IMG_20230205_092812-768x341.jpg 768w\" sizes=\"(max-width: 967px) 100vw, 967px\" \/>\t\t\t\t\t\t\t\t\t\t\t\t\t\t\t<\/div>\n\t\t\t\t<\/div>\n\t\t\t\t<div class=\"elementor-element elementor-element-e8c9488 elementor-widget elementor-widget-image\" data-id=\"e8c9488\" data-element_type=\"widget\" data-e-type=\"widget\" data-widget_type=\"image.default\">\n\t\t\t\t<div class=\"elementor-widget-container\">\n\t\t\t\t\t\t\t\t\t\t\t\t\t\t\t<img decoding=\"async\" width=\"1024\" height=\"597\" src=\"https:\/\/angsaveneto.it\/wp-content\/uploads\/2023\/02\/image-1024x597.jpg\" class=\"attachment-large size-large wp-image-19415\" alt=\"\" srcset=\"https:\/\/angsaveneto.it\/wp-content\/uploads\/2023\/02\/image-1024x597.jpg 1024w, https:\/\/angsaveneto.it\/wp-content\/uploads\/2023\/02\/image-300x175.jpg 300w, https:\/\/angsaveneto.it\/wp-content\/uploads\/2023\/02\/image-768x448.jpg 768w, https:\/\/angsaveneto.it\/wp-content\/uploads\/2023\/02\/image-1536x895.jpg 1536w, https:\/\/angsaveneto.it\/wp-content\/uploads\/2023\/02\/image.jpg 1928w\" sizes=\"(max-width: 1024px) 100vw, 1024px\" \/>\t\t\t\t\t\t\t\t\t\t\t\t\t\t\t<\/div>\n\t\t\t\t<\/div>\n\t\t\t\t\t<\/div>\n\t\t<\/div>\n\t\t\t\t<div class=\"elementor-column elementor-col-50 elementor-top-column elementor-element elementor-element-1e81e133\" data-id=\"1e81e133\" data-element_type=\"column\" data-e-type=\"column\">\n\t\t\t<div class=\"elementor-widget-wrap elementor-element-populated\">\n\t\t\t\t\t\t<div class=\"elementor-element elementor-element-3a9b72c elementor-widget elementor-widget-heading\" data-id=\"3a9b72c\" data-element_type=\"widget\" data-e-type=\"widget\" data-widget_type=\"heading.default\">\n\t\t\t\t<div class=\"elementor-widget-container\">\n\t\t\t\t\t<h2 class=\"elementor-heading-title elementor-size-default\">PARLIAMO DI AUTISMO 2023<\/h2>\t\t\t\t<\/div>\n\t\t\t\t<\/div>\n\t\t\t\t<div class=\"elementor-element elementor-element-4af62e0 elementor-widget-divider--view-line elementor-widget elementor-widget-divider\" data-id=\"4af62e0\" data-element_type=\"widget\" data-e-type=\"widget\" data-widget_type=\"divider.default\">\n\t\t\t\t<div class=\"elementor-widget-container\">\n\t\t\t\t\t\t\t<div class=\"elementor-divider\">\n\t\t\t<span class=\"elementor-divider-separator\">\n\t\t\t\t\t\t<\/span>\n\t\t<\/div>\n\t\t\t\t\t\t<\/div>\n\t\t\t\t<\/div>\n\t\t\t\t<div class=\"elementor-element elementor-element-2b3a3099 elementor-widget elementor-widget-text-editor\" data-id=\"2b3a3099\" data-element_type=\"widget\" data-e-type=\"widget\" data-widget_type=\"text-editor.default\">\n\t\t\t\t<div class=\"elementor-widget-container\">\n\t\t\t\t\t\t\t\t\t<p class=\"p1\"><span class=\"s1\"><strong>ANGSA Veneto<\/strong> propone un ciclo di <strong>INCONTRI<\/strong>, in collaborazione con l\u2019Associazione <strong>ANFFAS<\/strong> Bassano che gentilmente ci ospita, su\u00a0 alcuni di temi\u00a0 significativi per le famiglie autistiche del\u00a0 Bassanese.<\/span><\/p><p class=\"p1\"><span class=\"s1\">Gli incontri hanno l\u2019obiettivo di incrementare le conoscenze dei genitori sull\u2019autismo e sulle strategie comportamentali per la gestione dello sviluppo del bambino\/ragazzo con sindrome autistica o nello spettro autistico.<\/span><\/p><p class=\"p1\"><span class=\"s1\">Ci sar\u00e0 la possibilit\u00e0 di confrontarsi con Professionisti esperti del settore e condividere le difficolt\u00e0, i dubbi e le preoccupazioni che riguardano la sfera educativa.\u00a0<\/span><\/p><p class=\"p1\"><span class=\"s1\">Gli incontri si terranno ogni\u00a0 <strong>2 settimane il SABATO\u00a0 MATTINA<\/strong> dalle 10.00 fino alle 12.30 circa presso il centro diurno dell\u2019<strong>ANFFAS<\/strong> \u201c<strong>Casa Rubbi<\/strong>\u201d in via Carpellina n\u00b0 225-227 (a circa 700 mt a sud dell\u2019ospedale di Bassano verso Ros\u00e0) ed avranno un taglio molto pratico.<\/span><\/p><p class=\"p1\"><span class=\"s1\">Per consentire ai Genitori di partecipare tranquillamente, verr\u00e0 attivato, in concomitanza degli incontri, un <strong>LABORATORIO RICREATIVO<\/strong> per i ragazzi gestito da alcune Operatrici qualificate che si terr\u00e0 all\u2019interno di Casa Rubbi ad un costo ripartito tra i ragazzi.<\/span><\/p><p class=\"p1\"><span class=\"s1\">Finito l\u2019incontro, chi vorr\u00e0, potr\u00e0 pranzare, scambiando quattro chiacchiere e qualche esperienza, presso il Fast Food \u201cOLD WILD WEST\u201d, che dista poche centinaia di metri, in un\u2019area a noi dedicata.<\/span><\/p>\t\t\t\t\t\t\t\t<\/div>\n\t\t\t\t<\/div>\n\t\t\t\t<div class=\"elementor-element elementor-element-a6e1a5f elementor-widget elementor-widget-button\" data-id=\"a6e1a5f\" data-element_type=\"widget\" data-e-type=\"widget\" data-widget_type=\"button.default\">\n\t\t\t\t<div class=\"elementor-widget-container\">\n\t\t\t\t\t\t\t\t\t<div class=\"elementor-button-wrapper\">\n\t\t\t\t\t<a class=\"elementor-button elementor-button-link elementor-size-sm\" href=\"https:\/\/tinyurl.com\/yc4j2jne\">\n\t\t\t\t\t\t<span class=\"elementor-button-content-wrapper\">\n\t\t\t\t\t\t\t\t\t<span class=\"elementor-button-text\">MODULO ISCRIZIONE<\/span>\n\t\t\t\t\t<\/span>\n\t\t\t\t\t<\/a>\n\t\t\t\t<\/div>\n\t\t\t\t\t\t\t\t<\/div>\n\t\t\t\t<\/div>\n\t\t\t\t\t<\/div>\n\t\t<\/div>\n\t\t\t\t\t<\/div>\n\t\t<\/section>\n\t\t\t\t<\/div>\n\t\t","protected":false},"excerpt":{"rendered":"<p>PARLIAMO DI AUTISMO 2023 ANGSA Veneto propone un ciclo di INCONTRI, in collaborazione con l\u2019Associazione ANFFAS Bassano che gentilmente ci ospita, su\u00a0 alcuni di temi\u00a0 significativi per le famiglie autistiche del\u00a0 Bassanese. Gli incontri hanno l\u2019obiettivo di incrementare le conoscenze dei genitori sull\u2019autismo e sulle strategie comportamentali per la gestione dello sviluppo del bambino\/ragazzo con [&hellip;]<\/p>\n","protected":false},"author":6,"featured_media":0,"parent":0,"menu_order":0,"comment_status":"closed","ping_status":"closed","template":"","meta":{"site-sidebar-layout":"no-sidebar","site-content-layout":"page-builder","ast-site-content-layout":"default","site-content-style":"default","site-sidebar-style":"default","ast-global-header-display":"","ast-banner-title-visibility":"","ast-main-header-display":"","ast-hfb-above-header-display":"","ast-hfb-below-header-display":"","ast-hfb-mobile-header-display":"","site-post-title":"disabled","ast-breadcrumbs-content":"","ast-featured-img":"disabled","footer-sml-layout":"","ast-disable-related-posts":"","theme-transparent-header-meta":"","adv-header-id-meta":"","stick-header-meta":"","header-above-stick-meta":"","header-main-stick-meta":"","header-below-stick-meta":"","astra-migrate-meta-layouts":"default","ast-page-background-enabled":"default","ast-page-background-meta":{"desktop":{"background-color":"","background-image":"","background-repeat":"repeat","background-position":"center center","background-size":"auto","background-attachment":"scroll","background-type":"","background-media":"","overlay-type":"","overlay-color":"","overlay-opacity":"","overlay-gradient":""},"tablet":{"background-color":"","background-image":"","background-repeat":"repeat","background-position":"center center","background-size":"auto","background-attachment":"scroll","background-type":"","background-media":"","overlay-type":"","overlay-color":"","overlay-opacity":"","overlay-gradient":""},"mobile":{"background-color":"","background-image":"","background-repeat":"repeat","background-position":"center center","background-size":"auto","background-attachment":"scroll","background-type":"","background-media":"","overlay-type":"","overlay-color":"","overlay-opacity":"","overlay-gradient":""}},"ast-content-background-meta":{"desktop":{"background-color":"var(--ast-global-color-5)","background-image":"","background-repeat":"repeat","background-position":"center center","background-size":"auto","background-attachment":"scroll","background-type":"","background-media":"","overlay-type":"","overlay-color":"","overlay-opacity":"","overlay-gradient":""},"tablet":{"background-color":"var(--ast-global-color-5)","background-image":"","background-repeat":"repeat","background-position":"center center","background-size":"auto","background-attachment":"scroll","background-type":"","background-media":"","overlay-type":"","overlay-color":"","overlay-opacity":"","overlay-gradient":""},"mobile":{"background-color":"var(--ast-global-color-5)","background-image":"","background-repeat":"repeat","background-position":"center center","background-size":"auto","background-attachment":"scroll","background-type":"","background-media":"","overlay-type":"","overlay-color":"","overlay-opacity":"","overlay-gradient":""}},"footnotes":""},"class_list":["post-19419","page","type-page","status-publish","hentry"],"_links":{"self":[{"href":"https:\/\/angsaveneto.it\/index.php?rest_route=\/wp\/v2\/pages\/19419","targetHints":{"allow":["GET"]}}],"collection":[{"href":"https:\/\/angsaveneto.it\/index.php?rest_route=\/wp\/v2\/pages"}],"about":[{"href":"https:\/\/angsaveneto.it\/index.php?rest_route=\/wp\/v2\/types\/page"}],"author":[{"embeddable":true,"href":"https:\/\/angsaveneto.it\/index.php?rest_route=\/wp\/v2\/users\/6"}],"replies":[{"embeddable":true,"href":"https:\/\/angsaveneto.it\/index.php?rest_route=%2Fwp%2Fv2%2Fcomments&post=19419"}],"version-history":[{"count":21,"href":"https:\/\/angsaveneto.it\/index.php?rest_route=\/wp\/v2\/pages\/19419\/revisions"}],"predecessor-version":[{"id":19939,"href":"https:\/\/angsaveneto.it\/index.php?rest_route=\/wp\/v2\/pages\/19419\/revisions\/19939"}],"wp:attachment":[{"href":"https:\/\/angsaveneto.it\/index.php?rest_route=%2Fwp%2Fv2%2Fmedia&parent=19419"}],"curies":[{"name":"wp","href":"https:\/\/api.w.org\/{rel}","templated":true}]}}